{"id":107,"date":"2024-01-10T20:18:50","date_gmt":"2024-01-10T20:18:50","guid":{"rendered":"https:\/\/megamatrixsas.com\/?page_id=107"},"modified":"2024-01-11T01:03:17","modified_gmt":"2024-01-11T01:03:17","slug":"sobre-nosotros","status":"publish","type":"page","link":"https:\/\/megamatrixsas.com\/index.php\/sobre-nosotros\/","title":{"rendered":"Sobre Nosotros"},"content":{"rendered":"\n<div class=\"wp-block-group alignfull has-accent-background-color has-background has-global-padding is-layout-constrained wp-block-group-is-layout-constrained\" style=\"margin-top:0;margin-bottom:0;padding-top:var(--wp--preset--spacing--50);padding-right:var(--wp--preset--spacing--50);padding-bottom:var(--wp--preset--spacing--50);padding-left:var(--wp--preset--spacing--50)\">\n<div class=\"wp-block-columns alignwide is-layout-flex wp-container-core-columns-layout-1 wp-block-columns-is-layout-flex\">\n<div class=\"wp-block-column is-vertically-aligned-stretch is-layout-flow wp-block-column-is-layout-flow\" style=\"flex-basis:50%\">\n<div class=\"wp-block-group is-vertical is-content-justification-stretch is-layout-flex wp-container-core-group-layout-2 wp-block-group-is-layout-flex\" style=\"min-height:100%\">\n<p>Megamatrix, con m\u00e1s de 15 a\u00f1os de experiencia, destaca como una empresa l\u00edder en la construcci\u00f3n, especializada tanto en proyectos industriales como residenciales. En el \u00e1mbito industrial, colaboramos estrechamente con grandes comerciantes, ofreciendo servicios integrales desde la planificaci\u00f3n hasta la entrega con llave en mano de instalaciones de alta envergadura. En el sector residencial, nos destacamos por crear hogares excepcionales, trabajando en estrecha colaboraci\u00f3n con nuestros clientes para materializar sus sue\u00f1os arquitect\u00f3nicos y adapt\u00e1ndonos a sus estilos de vida.<\/p>\n\n\n\n<p>La excelencia es la piedra angular de Megamatrix, y nos esforzamos por mantener los m\u00e1s altos est\u00e1ndares de calidad, innovaci\u00f3n y sostenibilidad en cada proyecto. Nuestro compromiso con la transparencia, la integridad y la puntualidad nos ha ganado la confianza de nuestros clientes y socios comerciales, construyendo relaciones duraderas basadas en la entrega exitosa de proyectos. Si buscas una empresa constructora comprometida con la excelencia y la creatividad, Megamatrix es tu socio confiable para la construcci\u00f3n de un futuro s\u00f3lido y exitoso.<\/p>\n\n\n\n<div class=\"wp-block-group has-global-padding is-content-justification-left is-layout-constrained wp-container-core-group-layout-1 wp-block-group-is-layout-constrained\">\n<p class=\"wp-container-content-1\"><\/p>\n\n\n\n<div class=\"wp-block-buttons is-layout-flex wp-block-buttons-is-layout-flex\">\n<div class=\"wp-block-button\"><a class=\"wp-block-button__link wp-element-button\" href=\"https:\/\/megamatrixsas.com\/index.php\/galeria-de-proyectos\/\" target=\"_blank\" rel=\"noreferrer noopener\">ver galeria<\/a><\/div>\n<\/div>\n<\/div>\n<\/div>\n<\/div>\n\n\n\n<div class=\"wp-block-column is-vertically-aligned-center is-layout-flow wp-block-column-is-layout-flow\" style=\"flex-basis:50%\">\n<figure class=\"wp-block-image size-large is-style-rounded\"><img decoding=\"async\" src=\"https:\/\/megamatrixsas.com\/wp-content\/themes\/twentytwentyfour\/assets\/images\/museum.webp\" alt=\"Una rampa a lo largo de una pared curva en el Museo Kiasma, Helsinki, Finlandia\" style=\"aspect-ratio:3\/4;object-fit:cover\"\/><\/figure>\n<\/div>\n<\/div>\n<\/div>\n\n\n\n<div class=\"wp-block-group alignfull has-base-background-color has-background has-global-padding is-layout-constrained wp-block-group-is-layout-constrained\" style=\"margin-top:0;margin-bottom:0;padding-top:var(--wp--preset--spacing--50);padding-right:var(--wp--preset--spacing--50);padding-bottom:var(--wp--preset--spacing--50);padding-left:var(--wp--preset--spacing--50)\">\n<div class=\"wp-block-columns alignwide is-layout-flex wp-container-core-columns-layout-3 wp-block-columns-is-layout-flex\">\n<div class=\"wp-block-column has-global-padding is-content-justification-left is-layout-constrained wp-container-core-column-layout-3 wp-block-column-is-layout-constrained\" style=\"flex-basis:40%\">\n<p><\/p>\n<\/div>\n\n\n\n<div class=\"wp-block-column is-layout-flow wp-container-core-column-layout-6 wp-block-column-is-layout-flow\" style=\"flex-basis:60%\">\n<p class=\"has-heading-font-family has-x-large-font-size\" style=\"line-height:1.2\">Misi\u00f3n                        Visi\u00f3n  <\/p>\n\n\n\n<div class=\"wp-block-columns is-layout-flex wp-container-core-columns-layout-2 wp-block-columns-is-layout-flex\">\n<div class=\"wp-block-column is-layout-flow wp-block-column-is-layout-flow\">\n<p>Nuestra misi\u00f3n es ofrecer servicios profesionales especializados de alta calidad a todas las empresas y sectores industriales de Colombia en las \u00e1reas de Dise\u00f1o, Construcci\u00f3n y Mantenimiento. Buscamos alcanzar este objetivo mediante el compromiso de utilizar profesionales altamente calificados en cada una de las ramas y productos que representamos. Nos esforzamos por ser el socio confiable y preferido por nuestros clientes, brindando soluciones integrales que no solo satisfagan, sino que superen sus necesidades y expectativas.<\/p>\n<\/div>\n\n\n\n<div class=\"wp-block-column is-layout-flow wp-block-column-is-layout-flow\">\n<p>Nuestra visi\u00f3n es posicionarnos como la empresa l\u00edder en Colombia, destac\u00e1ndonos como proveedores de servicios de la m\u00e1s alta calidad en la construcci\u00f3n, montaje y mantenimiento de industrias dentro del sector productivo. Nos esforzamos por ser pioneros en la entrega de soluciones integrales que no solo cumplan, sino que superen las expectativas de nuestros clientes. Con un enfoque constante en la excelencia, aspiramos a ser reconocidos como el referente indiscutible en la industria, ofreciendo un servicio distintivo que contribuya al desarrollo y \u00e9xito de nuestros clientes y a la prosperidad del sector en general<\/p>\n<\/div>\n<\/div>\n<\/div>\n<\/div>\n<\/div>\n\n\n\n<div class=\"wp-block-group alignfull has-accent-5-background-color has-background has-global-padding is-layout-constrained wp-block-group-is-layout-constrained\" style=\"margin-top:0;margin-bottom:0;padding-top:var(--wp--preset--spacing--50);padding-right:var(--wp--preset--spacing--50);padding-bottom:var(--wp--preset--spacing--50);padding-left:var(--wp--preset--spacing--50)\">\n<div class=\"wp-block-columns alignwide is-layout-flex wp-container-core-columns-layout-4 wp-block-columns-is-layout-flex\">\n<div class=\"wp-block-column is-vertically-aligned-center is-layout-flow wp-block-column-is-layout-flow\" style=\"flex-basis:60%\">\n<figure class=\"wp-block-image size-full is-style-rounded wp-duotone-unset-2\"><img loading=\"lazy\" decoding=\"async\" width=\"1024\" height=\"576\" src=\"https:\/\/megamatrixsas.com\/wp-content\/uploads\/2024\/01\/cultura-empresarial.webp\" alt=\"\" class=\"wp-image-110\" style=\"aspect-ratio:4\/3;object-fit:cover\" srcset=\"https:\/\/megamatrixsas.com\/wp-content\/uploads\/2024\/01\/cultura-empresarial.webp 1024w, https:\/\/megamatrixsas.com\/wp-content\/uploads\/2024\/01\/cultura-empresarial-300x169.webp 300w, https:\/\/megamatrixsas.com\/wp-content\/uploads\/2024\/01\/cultura-empresarial-768x432.webp 768w\" sizes=\"(max-width: 1024px) 100vw, 1024px\" \/><\/figure>\n<\/div>\n\n\n\n<div class=\"wp-block-column is-layout-flow wp-block-column-is-layout-flow\" style=\"flex-basis:40%\">\n<h2 class=\"wp-block-heading\"><strong>VALORES Y CULTURA EMPRESARIAL<\/strong><\/h2>\n\n\n\n<ul>\n<li>La satisfacci\u00f3n integral de nuestros clientes, es nuestra prioridad y raz\u00f3n de ser.&nbsp;<\/li>\n\n\n\n<li>Es de gran importancia para nosotros nuestra gente y su calidad de vida.&nbsp;<\/li>\n\n\n\n<li>Buscamos y entregamos soluciones para nuestros clientes Costo-Beneficio.&nbsp;<\/li>\n\n\n\n<li>Grandes alianzas con nuestros fabricantes y distribuidores.<\/li>\n\n\n\n<li>Invertimos en la capacitaci\u00f3n y certificaci\u00f3n de todos los integrantes de la empresa.&nbsp;<\/li>\n\n\n\n<li>Buscamos la excelencia a trav\u00e9s del servicio.&nbsp;<\/li>\n\n\n\n<li>Especializaci\u00f3n en las diferentes \u00e1reas de la arquitectura e ingenier\u00eda para las cuales servimos.<\/li>\n<\/ul>\n\n\n\n<div class=\"wp-block-buttons is-layout-flex wp-block-buttons-is-layout-flex\">\n<div class=\"wp-block-button\"><a class=\"wp-block-button__link wp-element-button\" href=\"https:\/\/megamatrixsas.com\/index.php\/servivios-que-ofrecemos\/\" target=\"_blank\" rel=\"noreferrer noopener\">Nuestros servicios<\/a><\/div>\n<\/div>\n<\/div>\n<\/div>\n<\/div>\n\n\n\n\n\n<div class=\"wp-block-group alignfull has-global-padding is-layout-constrained wp-block-group-is-layout-constrained\" style=\"margin-top:0;margin-bottom:0;padding-top:var(--wp--preset--spacing--50);padding-right:var(--wp--preset--spacing--50);padding-bottom:var(--wp--preset--spacing--50);padding-left:var(--wp--preset--spacing--50)\">\n<div class=\"wp-block-columns alignwide are-vertically-aligned-center is-layout-flex wp-container-core-columns-layout-5 wp-block-columns-is-layout-flex\">\n<div class=\"wp-block-column is-vertically-aligned-center is-layout-flow wp-block-column-is-layout-flow\" style=\"flex-basis:50%\">\n<h2 class=\"wp-block-heading\"><strong>PERFIL DEL EQUIPO DIRECTIVO DE LA EMPRESA<\/strong><\/h2>\n\n\n\n<ul style=\"line-height:1.75\" class=\"is-style-checkmark-list\">\n<li>Somos L\u00edderes, Capaces de guiarnos y guiar a los dem\u00e1s.&nbsp;<\/li>\n\n\n\n<li>Somos Activos, pues tomamos la iniciativa para lograr generar soluciones.&nbsp;<\/li>\n\n\n\n<li>Nos sentimos Comprometidos, Con nosotros mismos, con el equipo de trabajo y con nuestros clientes.&nbsp;<\/li>\n\n\n\n<li>Estamos Siempre Atentos, A las necesidades de nuestros empleados y clientes.&nbsp;&nbsp;<\/li>\n\n\n\n<li>Somos Din\u00e1micos, siempre buscando nuevas soluciones.&nbsp;<\/li>\n\n\n\n<li>Somos Emprendedores, hacemos lo que decimos.&nbsp;<\/li>\n\n\n\n<li>Somos Nobles, De esp\u00edritu, leales, honrados y sinceros.&nbsp;<\/li>\n\n\n\n<li>Somos Abiertos, A los cambios, a experimentar, y a hacer cosas diferentes.<\/li>\n<\/ul>\n<\/div>\n\n\n\n<div class=\"wp-block-column is-vertically-aligned-center is-layout-flow wp-block-column-is-layout-flow\" style=\"flex-basis:50%\">\n<figure class=\"wp-block-image size-full is-style-rounded\"><img decoding=\"async\" src=\"https:\/\/megamatrixsas.com\/wp-content\/themes\/twentytwentyfour\/assets\/images\/abstract-geometric-art.webp\" alt=\"Obra de arte geom\u00e9trica abstracta blanca de Dresde, Alemania\" style=\"aspect-ratio:4\/3;object-fit:cover\"\/><\/figure>\n<\/div>\n<\/div>\n<\/div>\n","protected":false},"excerpt":{"rendered":"<p>Megamatrix, con m\u00e1s de 15 a\u00f1os de experiencia, destaca como una empresa l\u00edder en la construcci\u00f3n, especializada tanto en proyectos industriales como residenciales. En el \u00e1mbito industrial, colaboramos estrechamente con grandes comerciantes, ofreciendo servicios integrales desde la planificaci\u00f3n hasta la entrega con llave en mano de instalaciones de alta envergadura. En el sector residencial, nos [&hellip;]<\/p>\n","protected":false},"author":1,"featured_media":0,"parent":0,"menu_order":0,"comment_status":"closed","ping_status":"closed","template":"","meta":{"_monsterinsights_skip_tracking":false,"_monsterinsights_sitenote_active":false,"_monsterinsights_sitenote_note":"","_monsterinsights_sitenote_category":0,"footnotes":"","_joinchat":[]},"aioseo_notices":[],"_links":{"self":[{"href":"https:\/\/megamatrixsas.com\/index.php\/wp-json\/wp\/v2\/pages\/107"}],"collection":[{"href":"https:\/\/megamatrixsas.com\/index.php\/wp-json\/wp\/v2\/pages"}],"about":[{"href":"https:\/\/megamatrixsas.com\/index.php\/wp-json\/wp\/v2\/types\/page"}],"author":[{"embeddable":true,"href":"https:\/\/megamatrixsas.com\/index.php\/wp-json\/wp\/v2\/users\/1"}],"replies":[{"embeddable":true,"href":"https:\/\/megamatrixsas.com\/index.php\/wp-json\/wp\/v2\/comments?post=107"}],"version-history":[{"count":2,"href":"https:\/\/megamatrixsas.com\/index.php\/wp-json\/wp\/v2\/pages\/107\/revisions"}],"predecessor-version":[{"id":130,"href":"https:\/\/megamatrixsas.com\/index.php\/wp-json\/wp\/v2\/pages\/107\/revisions\/130"}],"wp:attachment":[{"href":"https:\/\/megamatrixsas.com\/index.php\/wp-json\/wp\/v2\/media?parent=107"}],"curies":[{"name":"wp","href":"https:\/\/api.w.org\/{rel}","templated":true}]}}