{"id":17,"date":"2024-01-10T01:15:28","date_gmt":"2024-01-10T01:15:28","guid":{"rendered":"https:\/\/megamatrixsas.com\/?page_id=17"},"modified":"2024-01-10T01:45:05","modified_gmt":"2024-01-10T01:45:05","slug":"nuestra-historia","status":"publish","type":"page","link":"https:\/\/megamatrixsas.com\/index.php\/nuestra-historia\/","title":{"rendered":"Nuestra historia"},"content":{"rendered":"\n<p>MEGAMATRIX\u00a0 S A S\u00a0 se funda en el mes de Junio del 2010. El objetivo de la empresa es brindar bienes y\u00a0 servicios en las \u00e1reas de la Ingenier\u00eda, la arquitectura y la construcci\u00f3n. La empresa\u00a0 comienza sus actividades en Bogot\u00e1 ofreciendo las consultor\u00edas y la ejecuci\u00f3n de proyectos industriales tanto en la elaboraci\u00f3n de las obras civiles como en sus montajes productivos, esto debido a la experiencia acumula por m\u00e1s de 20 a\u00f1os de sus socios en \u00e9stas actividades espec\u00edficas.<\/p>\n\n\n\n<p><strong>RAZON DE SU FORMACION<\/strong>:<\/p>\n\n\n\n<p>El nacimiento de nuestra empresa se deriva de la persistencia de un grupo de profesionales emprendedores y visionarios, unidos por un firme compromiso de aportar nuestros conocimientos a las empresas en las diferentes divisiones que hoy conforman&nbsp; MEGAMATRIX S A S , que con sus esfuerzos se direccionaron a crear bases s\u00f3lidas que sustentan lo que hoy es nuestra organizaci\u00f3n, lo cual ha probado su capacidad para superar los retos surgidos y ha podido llenar las expectativas de nuestros clientes. Comprendemos la importancia de estar en una permanente actualizaci\u00f3n y conocimiento de las nuevas tecnolog\u00edas en las diferentes \u00e1reas con el fin de descubrir, conservar, engrandecer y aprovechar al m\u00e1ximo, el potencial que la experiencia nos ha brindado para servir a nuestros clientes en un 100%.<\/p>\n","protected":false},"excerpt":{"rendered":"<p>MEGAMATRIX\u00a0 S A S\u00a0 se funda en el mes de Junio del 2010. El objetivo de la empresa es brindar bienes y\u00a0 servicios en las \u00e1reas de la Ingenier\u00eda, la arquitectura y la construcci\u00f3n. La empresa\u00a0 comienza sus actividades en Bogot\u00e1 ofreciendo las consultor\u00edas y la ejecuci\u00f3n de proyectos industriales tanto en la elaboraci\u00f3n de [&hellip;]<\/p>\n","protected":false},"author":1,"featured_media":0,"parent":0,"menu_order":0,"comment_status":"closed","ping_status":"closed","template":"","meta":{"_monsterinsights_skip_tracking":false,"_monsterinsights_sitenote_active":false,"_monsterinsights_sitenote_note":"","_monsterinsights_sitenote_category":0,"footnotes":"","_joinchat":[]},"aioseo_notices":[],"_links":{"self":[{"href":"https:\/\/megamatrixsas.com\/index.php\/wp-json\/wp\/v2\/pages\/17"}],"collection":[{"href":"https:\/\/megamatrixsas.com\/index.php\/wp-json\/wp\/v2\/pages"}],"about":[{"href":"https:\/\/megamatrixsas.com\/index.php\/wp-json\/wp\/v2\/types\/page"}],"author":[{"embeddable":true,"href":"https:\/\/megamatrixsas.com\/index.php\/wp-json\/wp\/v2\/users\/1"}],"replies":[{"embeddable":true,"href":"https:\/\/megamatrixsas.com\/index.php\/wp-json\/wp\/v2\/comments?post=17"}],"version-history":[{"count":1,"href":"https:\/\/megamatrixsas.com\/index.php\/wp-json\/wp\/v2\/pages\/17\/revisions"}],"predecessor-version":[{"id":18,"href":"https:\/\/megamatrixsas.com\/index.php\/wp-json\/wp\/v2\/pages\/17\/revisions\/18"}],"wp:attachment":[{"href":"https:\/\/megamatrixsas.com\/index.php\/wp-json\/wp\/v2\/media?parent=17"}],"curies":[{"name":"wp","href":"https:\/\/api.w.org\/{rel}","templated":true}]}}